{"id":171,"date":"2020-02-11T11:01:24","date_gmt":"2020-02-11T10:01:24","guid":{"rendered":"http:\/\/3gun-lz.pl\/?page_id=171"},"modified":"2025-11-07T08:09:12","modified_gmt":"2025-11-07T07:09:12","slug":"wyniki","status":"publish","type":"page","link":"https:\/\/3gun-lz.pl\/index.php\/wyniki\/","title":{"rendered":"WYNIKI"},"content":{"rendered":"\t\t<div data-elementor-type=\"wp-page\" data-elementor-id=\"171\" class=\"elementor elementor-171\" data-elementor-post-type=\"page\">\n\t\t\t\t\t\t\t\t\t<section class=\"elementor-section elementor-top-section elementor-element elementor-element-6aed50de elementor-section-boxed elementor-section-height-default elementor-section-height-default\" data-id=\"6aed50de\" data-element_type=\"section\">\n\t\t\t\t\t\t<div class=\"elementor-container elementor-column-gap-default\">\n\t\t\t\t\t<div class=\"elementor-column elementor-col-100 elementor-top-column elementor-element elementor-element-473f78e\" data-id=\"473f78e\" data-element_type=\"column\">\n\t\t\t<div class=\"elementor-widget-wrap elementor-element-populated\">\n\t\t\t\t\t\t\t\t<div class=\"elementor-element elementor-element-26f3016d elementor-widget elementor-widget-text-editor\" data-id=\"26f3016d\" data-element_type=\"widget\" data-widget_type=\"text-editor.default\">\n\t\t\t\t<div class=\"elementor-widget-container\">\n\t\t\t\t\t\t\t<p><!-- wp:paragraph --><\/p>\n<p><!-- \/wp:paragraph --><\/p>\n<p><!-- wp:heading {\"level\":4} --><\/p>\n<p style=\"text-align: center;\"><strong>WYNIKI ZAWOD\u00d3W 3GUN BH W SEZONIE 2025<\/strong><strong><\/strong><\/p>\n<p style=\"text-align: center;\"><a href=\"http:\/\/3gun-lz.pl\/wp-content\/uploads\/2025\/11\/Rezultaty_3GUN_BESTHUNTERS__12-13.04.2025.pdf\"><strong>REZULTATY_3GUN_BH_2025_R1<\/strong><\/a><\/p>\n<p style=\"text-align: center;\"><a href=\"http:\/\/3gun-lz.pl\/wp-content\/uploads\/2025\/11\/Rezultaty_3GUN_BESTHUNTERS__9-10.08.2025.pdf\"><strong>REZULTA<\/strong><strong>TY_3GUN_BH_2025_R2<\/strong><\/a><\/p>\n<p style=\"text-align: center;\"><\/p>\n<p style=\"text-align: center;\"><\/p>\n<p style=\"text-align: center;\"><strong>WYNIKI ZAWOD\u00d3W 3GUN BH W SEZONIE 2024<\/strong><\/p>\n<p style=\"text-align: center;\"><a href=\"http:\/\/3gun-lz.pl\/wp-content\/uploads\/2024\/10\/Rezultaty_3GUN_BESTHUNTERS_27-28.04.2024.pdf\"><strong>REZULTATY_3GUN_BH_2024_R1<\/strong><\/a><\/p>\n<p style=\"text-align: center;\"><a href=\"http:\/\/3gun-lz.pl\/wp-content\/uploads\/2024\/10\/Rezultaty_3GUN_BESTHUNTERS-10-11.08.2024.pdf\"><strong>REZULTA<\/strong><strong>TY_3GUN_BH_2024_R2<\/strong><\/a><\/p>\n<p style=\"text-align: center;\"><a href=\"http:\/\/3gun-lz.pl\/wp-content\/uploads\/2024\/10\/Rezultaty_3GUN_BESTHUNTERS-05-06.10.2024.pdf\"><strong>REZULTA<\/strong><strong><\/strong><strong>TY_3GUN_BH_2024_R3<\/strong><\/a><\/p>\n<p style=\"text-align: center;\"><strong>WYNIKI ZAWOD\u00d3W 3GUN BH W SEZONIE 2023<\/strong><\/p>\n<p style=\"text-align: center;\"><strong><a href=\"http:\/\/3gun-lz.pl\/wp-content\/uploads\/2023\/07\/Rezultaty_3GUN_BESTHUNTERS-01-02.07.2023.pdf\">REZULTATY_3GUN_BH_2023_R1<\/a><\/strong><\/p>\n<p style=\"text-align: center;\"><strong><a href=\"http:\/\/3gun-lz.pl\/wp-content\/uploads\/2023\/08\/REZULTATY_3GUN_BH_2023_R2.pdf\">REZULTATY_3GUN_BH_2023_R2<\/a><\/strong><\/p>\n<p style=\"text-align: center;\"><strong><a href=\"http:\/\/3gun-lz.pl\/wp-content\/uploads\/2023\/09\/REZULTATY_3GUN_BH_2023_R3.pdf\">REZULTATY_3GUN_BH_2023_R3<\/a><\/strong><\/p>\n<p style=\"text-align: center;\"><strong>WYNIKI ZAWOD\u00d3W 3GUN LZ W SEZONIE 2022<\/strong><\/p>\n<p style=\"text-align: center;\"><strong><a href=\"http:\/\/3gun-lz.pl\/wp-content\/uploads\/2022\/12\/KOMUNIKAT_3GUN_LZ_2022_R1.pdf\">KOMUNIKAT_3GUN_LZ_2022_R1<\/a><\/strong><\/p>\n<p style=\"text-align: center;\"><strong><a href=\"http:\/\/3gun-lz.pl\/wp-content\/uploads\/2022\/12\/KOMUNIKAT_3GUN_LZ_2022_R2.pdf\">KOMUNIKAT_3GUN_LZ_2022_R2<\/a><\/strong><\/p>\n<p style=\"text-align: center;\"><strong><a href=\"http:\/\/3gun-lz.pl\/wp-content\/uploads\/2022\/12\/KOMUNIKAT_3GUN_LZ_2022_R3.pdf\">KOMUNIKAT_3GUN_LZ_2022_R3<\/a><\/strong><\/p>\n<p style=\"text-align: center;\"><strong><a href=\"http:\/\/3gun-lz.pl\/wp-content\/uploads\/2023\/12\/KOMUNIKAT_3GUN_LZ_2022_R4.pdf\">KOMUNIKAT_3GUN_LZ_2022_R4<\/a><\/strong><\/p>\n<p style=\"text-align: center;\"><strong>WYNIKI ZAWOD\u00d3W 3GUN LZ W SEZONIE 2021<\/strong><\/p>\n<p style=\"text-align: center;\"><strong><a href=\"http:\/\/3gun-lz.pl\/wp-content\/uploads\/2021\/11\/KOMUNIKAT_3GUN_LZ_2021_R1.pdf\" target=\"_blank\" rel=\"noopener\">KOMUNIKAT_3GUN_LZ_2021_R1<\/a><\/strong><\/p>\n<p style=\"text-align: center;\"><strong><a href=\"http:\/\/3gun-lz.pl\/wp-content\/uploads\/2021\/11\/KOMUNIKAT_3GUN_LZ_2021_R2.pdf\" target=\"_blank\" rel=\"noopener\">KOMUNIKAT_3GUN_LZ_2021_R2<\/a><\/strong><\/p>\n<p style=\"text-align: center;\"><strong><span style=\"transition-property: all;\"><a href=\"http:\/\/3gun-lz.pl\/wp-content\/uploads\/2021\/11\/KOMUNIKAT_3GUN_LZ_2021_R3.pdf\">KOMUNIKAT_3GUN_LZ_2021_R3<\/a><\/span><\/strong><\/p>\n<p style=\"text-align: center;\"><strong><a href=\"http:\/\/3gun-lz.pl\/wp-content\/uploads\/2021\/11\/KOMUNIKAT_3GUN_LZ_2021_R4.pdf\" target=\"_blank\" rel=\"noopener\">KOMUNIKAT_3GUN_LZ_2021_R4<\/a><\/strong><\/p>\n<p style=\"text-align: center;\"><strong>WYNIKI ZAWOD\u00d3W 3GUN LZ W SEZONIE 2020<\/strong><\/p>\n<p style=\"text-align: center;\"><strong><a href=\"http:\/\/3gun-lz.pl\/wp-content\/uploads\/2020\/11\/KOMUNIKAT_3GUN_LZ_2020_R1.pdf\">KOMUNIKAT_3GUN_LZ_2020_R1<\/a><\/strong><\/p>\n<p style=\"text-align: center;\"><strong><a href=\"http:\/\/3gun-lz.pl\/wp-content\/uploads\/2020\/11\/KOMUNIKAT_3GUN_LZ_2020_R2.pdf\">KOMUNIKAT_3GUN_LZ_2020_R2<\/a><\/strong><\/p>\n<p style=\"text-align: center;\"><strong><a href=\"http:\/\/3gun-lz.pl\/wp-content\/uploads\/2020\/11\/KOMUNIKAT_3GUN_LZ_2020_R3.pdf\">KOMUNIKAT_3GUN_LZ_2020_R3<\/a><\/strong><\/p>\n<p style=\"text-align: center;\"><strong><a href=\"http:\/\/3gun-lz.pl\/wp-content\/uploads\/2020\/11\/KOMUNIKAT_3GUN_LZ_2020_R4.pdf\">KOMUNIKAT_3GUN_LZ_2020_R4<\/a><\/strong><\/p>\n<p style=\"text-align: center;\"><strong>WYNIKI ZAWOD\u00d3W 3GUN LZ W SEZONIE 2019<\/strong><\/p>\n<p style=\"text-align: center;\"><strong><!-- \/wp:heading --><\/strong><\/p>\n<p style=\"text-align: center;\"><strong><!-- wp:file {\"id\":266,\"href\":\"http:\/\/3gun-lz.pl\/wp-content\/uploads\/2020\/02\/KOMUNIKAT_3GUN_LZ_2019_R1.pdf\"} --><\/strong><\/p>\n<p style=\"text-align: center;\"><strong><a href=\"http:\/\/3gun-lz.pl\/wp-content\/uploads\/2020\/02\/KOMUNIKAT_3GUN_LZ_2019_R1.pdf\">KOMUNIKAT_3GUN_LZ_2019_R1<\/a><\/strong><\/p>\n<p style=\"text-align: center;\"><strong><a href=\"http:\/\/3gun-lz.pl\/wp-content\/uploads\/2020\/02\/KOMUNIKAT_3GUN_LZ_2019_R2.pdf\">KOMUNIKAT_3GUN_LZ_2019_R2<\/a><\/strong><\/p>\n<p style=\"text-align: center;\"><strong><a href=\"http:\/\/3gun-lz.pl\/wp-content\/uploads\/2020\/02\/KOMUNIKAT_3GUN_LZ_2019_R2.pdf\"><\/a><a href=\"http:\/\/3gun-lz.pl\/wp-content\/uploads\/2020\/02\/KOMUNIKAT_3GUN_LZ_2019_R3.pdf\" style=\"font-size: inherit; background-color: #ffffff;\">KOMUNIKAT_3GUN_LZ_2019_R3<\/a><\/strong><\/p>\n<p style=\"text-align: center;\"><strong><a href=\"http:\/\/3gun-lz.pl\/wp-content\/uploads\/2020\/02\/KOMUNIKAT_3GUN_LZ_2019_R4.pdf\">KOMUNIKAT_3GUN_LZ_2019_R4<\/a><\/strong><\/p>\n<p style=\"text-align: center;\"><strong><a href=\"http:\/\/3gun-lz.pl\/wp-content\/uploads\/2020\/02\/KOMUNIKAT_3GUN_LZ_2019_R5.pdf\">KOMUNIKAT_3GUN_LZ_2019_R5<\/a><\/strong><\/p>\n<p style=\"text-align: center;\"><strong><a href=\"http:\/\/3gun-lz.pl\/wp-content\/uploads\/2020\/02\/RANKING_ZAWODNIKOW_3GUN_LZ_2019.pdf\">RANKING_ZAWODNIKOW__2019<\/a><\/strong><\/p>\n<p style=\"text-align: center;\"><strong><!-- \/wp:file --><\/strong><\/p>\n<p style=\"text-align: center;\"><strong><!-- wp:file {\"id\":268,\"href\":\"http:\/\/3gun-lz.pl\/wp-content\/uploads\/2020\/02\/KOMUNIKAT_3GUN_LZ_2019_R2.pdf\"} --><\/strong><\/p>\n<p style=\"text-align: center;\"><strong><!-- \/wp:file --><\/strong><\/p>\n<p style=\"text-align: center;\"><strong><!-- wp:file {\"id\":269,\"href\":\"http:\/\/3gun-lz.pl\/wp-content\/uploads\/2020\/02\/KOMUNIKAT_3GUN_LZ_2019_R3.pdf\"} --><\/strong><\/p>\n<p style=\"text-align: center;\"><strong><!-- \/wp:file --><\/strong><\/p>\n<p style=\"text-align: center;\"><strong><!-- wp:file {\"id\":270,\"href\":\"http:\/\/3gun-lz.pl\/wp-content\/uploads\/2020\/02\/KOMUNIKAT_3GUN_LZ_2019_R4.pdf\"} --><\/strong><\/p>\n<p style=\"text-align: center;\"><strong><!-- \/wp:file --><\/strong><\/p>\n<p style=\"text-align: center;\"><strong><!-- wp:file {\"id\":271,\"href\":\"http:\/\/3gun-lz.pl\/wp-content\/uploads\/2020\/02\/KOMUNIKAT_3GUN_LZ_2019_R5.pdf\"} --><\/strong><\/p>\n<p style=\"text-align: center;\"><strong><!-- \/wp:file --><\/strong><\/p>\n<p style=\"text-align: center;\"><strong><!-- wp:file {\"id\":280,\"href\":\"http:\/\/3gun-lz.pl\/wp-content\/uploads\/2020\/02\/RANKING_ZAWODNIKOW_3GUN_LZ_2019.pdf\"} --><\/strong><\/p>\n<p style=\"text-align: center;\"><strong><!-- \/wp:file --><\/strong><\/p>\n<p style=\"text-align: center;\"><strong><!-- wp:heading {\"level\":4} --><\/strong><\/p>\n<p style=\"text-align: center;\"><strong>WYNIKI ZAWOD\u00d3W 3GUN LZ W SEZONIE 2018<\/strong><\/p>\n<p style=\"text-align: center;\"><strong><!-- \/wp:heading --><\/strong><\/p>\n<p style=\"text-align: center;\"><strong><!-- wp:file {\"id\":275,\"href\":\"http:\/\/3gun-lz.pl\/wp-content\/uploads\/2020\/02\/KOMUNIKAT_3GUN_LZ_2018_R1.pdf\"} --><\/strong><\/p>\n<p style=\"text-align: center;\"><strong><a href=\"http:\/\/3gun-lz.pl\/wp-content\/uploads\/2020\/02\/KOMUNIKAT_3GUN_LZ_2018_R1.pdf\">KOMUNIKAT_3GUN_LZ_2018_R1<\/a><\/strong><\/p>\n<p style=\"text-align: center;\"><strong><a href=\"http:\/\/3gun-lz.pl\/wp-content\/uploads\/2020\/02\/KOMUNIKAT_3GUN_LZ_2018_R2.pdf\">KOMUNIKAT_3GUN_LZ_2018_R2<\/a><\/strong><\/p>\n<p style=\"text-align: center;\"><strong><a href=\"http:\/\/3gun-lz.pl\/wp-content\/uploads\/2020\/02\/KOMUNIKAT_3GUN_LZ_2018_R3.pdf\">KOMUNIKAT_3GUN_LZ_2018_R3<\/a><\/strong><\/p>\n<p style=\"text-align: center;\"><strong><a href=\"http:\/\/3gun-lz.pl\/wp-content\/uploads\/2020\/02\/KOMUNIKAT_3GUN_LZ_2018_R4.pdf\">KOMUNIKAT_3GUN_LZ_2018_R4<\/a><\/strong><\/p>\n<p style=\"text-align: center;\"><strong><a href=\"http:\/\/3gun-lz.pl\/wp-content\/uploads\/2020\/02\/RANKING_ZAWODNIKOW_3GUN_LZ_2018.pdf\"> RANKING_ZAWODNIKOW__2018 <\/a><\/strong><\/p>\n<p><!-- \/wp:file --><\/p>\n<p><!-- wp:file {\"id\":276,\"href\":\"http:\/\/3gun-lz.pl\/wp-content\/uploads\/2020\/02\/KOMUNIKAT_3GUN_LZ_2018_R2.pdf\"} --><\/p>\n<p><!-- \/wp:file --><\/p>\n<p><!-- wp:file {\"id\":277,\"href\":\"http:\/\/3gun-lz.pl\/wp-content\/uploads\/2020\/02\/KOMUNIKAT_3GUN_LZ_2018_R3.pdf\"} --><\/p>\n<p><!-- \/wp:file --><\/p>\n<p><!-- wp:file {\"id\":278,\"href\":\"http:\/\/3gun-lz.pl\/wp-content\/uploads\/2020\/02\/KOMUNIKAT_3GUN_LZ_2018_R4.pdf\"} --><\/p>\n<p><!-- \/wp:file --><\/p>\n<p><!-- wp:file {\"id\":281,\"href\":\"http:\/\/3gun-lz.pl\/wp-content\/uploads\/2020\/02\/RANKING_ZAWODNIKOW_3GUN_LZ_2018.pdf\"} --><\/p>\n<p><!-- \/wp:file --><\/p>\n<p><!-- wp:paragraph --><\/p>\n<p><!-- \/wp:paragraph --><\/p>\n<p><!-- wp:paragraph --><\/p>\n<p><!-- \/wp:paragraph --><\/p>\t\t\t\t\t\t<\/div>\n\t\t\t\t<\/div>\n\t\t\t\t\t<\/div>\n\t\t<\/div>\n\t\t\t\t\t\t\t<\/div>\n\t\t<\/section>\n\t\t\t\t\t\t\t<\/div>\n\t\t","protected":false},"excerpt":{"rendered":"<p>WYNIKI ZAWOD\u00d3W 3GUN BH W SEZONIE 2025 REZULTATY_3GUN_BH_2025_R1 REZULTATY_3GUN_BH_2025_R2 WYNIKI ZAWOD\u00d3W 3GUN BH W SEZONIE 2024 REZULTATY_3GUN_BH_2024_R1 REZULTATY_3GUN_BH_2024_R2 REZULTATY_3GUN_BH_2024_R3 WYNIKI ZAWOD\u00d3W 3GUN BH W SEZONIE 2023 REZULTATY_3GUN_BH_2023_R1 REZULTATY_3GUN_BH_2023_R2 REZULTATY_3GUN_BH_2023_R3 WYNIKI ZAWOD\u00d3W 3GUN LZ W SEZONIE 2022 KOMUNIKAT_3GUN_LZ_2022_R1 KOMUNIKAT_3GUN_LZ_2022_R2 KOMUNIKAT_3GUN_LZ_2022_R3 KOMUNIKAT_3GUN_LZ_2022_R4 WYNIKI ZAWOD\u00d3W 3GUN LZ W SEZONIE 2021 KOMUNIKAT_3GUN_LZ_2021_R1 KOMUNIKAT_3GUN_LZ_2021_R2 KOMUNIKAT_3GUN_LZ_2021_R3 [&hellip;]<\/p>\n","protected":false},"author":1,"featured_media":0,"parent":0,"menu_order":0,"comment_status":"closed","ping_status":"closed","template":"","meta":{"footnotes":""},"_links":{"self":[{"href":"https:\/\/3gun-lz.pl\/index.php\/wp-json\/wp\/v2\/pages\/171"}],"collection":[{"href":"https:\/\/3gun-lz.pl\/index.php\/wp-json\/wp\/v2\/pages"}],"about":[{"href":"https:\/\/3gun-lz.pl\/index.php\/wp-json\/wp\/v2\/types\/page"}],"author":[{"embeddable":true,"href":"https:\/\/3gun-lz.pl\/index.php\/wp-json\/wp\/v2\/users\/1"}],"replies":[{"embeddable":true,"href":"https:\/\/3gun-lz.pl\/index.php\/wp-json\/wp\/v2\/comments?post=171"}],"version-history":[{"count":74,"href":"https:\/\/3gun-lz.pl\/index.php\/wp-json\/wp\/v2\/pages\/171\/revisions"}],"predecessor-version":[{"id":1553,"href":"https:\/\/3gun-lz.pl\/index.php\/wp-json\/wp\/v2\/pages\/171\/revisions\/1553"}],"wp:attachment":[{"href":"https:\/\/3gun-lz.pl\/index.php\/wp-json\/wp\/v2\/media?parent=171"}],"curies":[{"name":"wp","href":"https:\/\/api.w.org\/{rel}","templated":true}]}}