{"id":172,"date":"2020-02-11T11:01:24","date_gmt":"2020-02-11T10:01:24","guid":{"rendered":"http:\/\/3gun-lz.pl\/?page_id=172"},"modified":"2026-04-17T17:49:58","modified_gmt":"2026-04-17T15:49:58","slug":"zawody","status":"publish","type":"page","link":"https:\/\/3gun-lz.pl\/index.php\/zawody\/","title":{"rendered":"ZAWODY"},"content":{"rendered":"\t\t<div data-elementor-type=\"wp-page\" data-elementor-id=\"172\" class=\"elementor elementor-172\" data-elementor-post-type=\"page\">\n\t\t\t\t\t\t\t\t\t<section class=\"elementor-section elementor-top-section elementor-element elementor-element-30d0906 elementor-section-boxed elementor-section-height-default elementor-section-height-default\" data-id=\"30d0906\" data-element_type=\"section\">\n\t\t\t\t\t\t<div class=\"elementor-container elementor-column-gap-default\">\n\t\t\t\t\t<div class=\"elementor-column elementor-col-100 elementor-top-column elementor-element elementor-element-489b54c\" data-id=\"489b54c\" data-element_type=\"column\">\n\t\t\t<div class=\"elementor-widget-wrap elementor-element-populated\">\n\t\t\t\t\t\t\t\t<div class=\"elementor-element elementor-element-d5f81ee elementor-widget elementor-widget-image\" data-id=\"d5f81ee\" data-element_type=\"widget\" data-widget_type=\"image.default\">\n\t\t\t\t<div class=\"elementor-widget-container\">\n\t\t\t\t\t\t\t\t\t\t\t\t\t\t\t\t<a href=\"https:\/\/practiscore.com\/3gun-besthunters-2025-runda-3\/register\">\n\t\t\t\t\t\t\t<img loading=\"lazy\" decoding=\"async\" width=\"750\" height=\"94\" src=\"https:\/\/3gun-lz.pl\/wp-content\/uploads\/2020\/02\/FORMULARZ-768x96.jpg\" class=\"attachment-medium_large size-medium_large wp-image-310\" alt=\"\" srcset=\"https:\/\/3gun-lz.pl\/wp-content\/uploads\/2020\/02\/FORMULARZ-768x96.jpg 768w, https:\/\/3gun-lz.pl\/wp-content\/uploads\/2020\/02\/FORMULARZ-300x37.jpg 300w, https:\/\/3gun-lz.pl\/wp-content\/uploads\/2020\/02\/FORMULARZ-1024x127.jpg 1024w\" sizes=\"(max-width: 750px) 100vw, 750px\" \/>\t\t\t\t\t\t\t\t<\/a>\n\t\t\t\t\t\t\t\t\t\t\t\t\t\t\t<\/div>\n\t\t\t\t<\/div>\n\t\t\t\t<div class=\"elementor-element elementor-element-112860d elementor-position-top elementor-widget elementor-widget-image-box\" data-id=\"112860d\" data-element_type=\"widget\" data-widget_type=\"image-box.default\">\n\t\t\t\t<div class=\"elementor-widget-container\">\n\t\t\t<div class=\"elementor-image-box-wrapper\"><figure class=\"elementor-image-box-img\"><img loading=\"lazy\" decoding=\"async\" width=\"2560\" height=\"1339\" src=\"https:\/\/3gun-lz.pl\/wp-content\/uploads\/2025\/09\/OGLOSZENIE_2026_R3-scaled.jpg\" class=\"attachment-full size-full wp-image-1538\" alt=\"\" srcset=\"https:\/\/3gun-lz.pl\/wp-content\/uploads\/2025\/09\/OGLOSZENIE_2026_R3-scaled.jpg 2560w, https:\/\/3gun-lz.pl\/wp-content\/uploads\/2025\/09\/OGLOSZENIE_2026_R3-300x157.jpg 300w, https:\/\/3gun-lz.pl\/wp-content\/uploads\/2025\/09\/OGLOSZENIE_2026_R3-1024x536.jpg 1024w, https:\/\/3gun-lz.pl\/wp-content\/uploads\/2025\/09\/OGLOSZENIE_2026_R3-768x402.jpg 768w, https:\/\/3gun-lz.pl\/wp-content\/uploads\/2025\/09\/OGLOSZENIE_2026_R3-1536x803.jpg 1536w, https:\/\/3gun-lz.pl\/wp-content\/uploads\/2025\/09\/OGLOSZENIE_2026_R3-2048x1071.jpg 2048w, https:\/\/3gun-lz.pl\/wp-content\/uploads\/2025\/09\/OGLOSZENIE_2026_R3-16x8.jpg 16w\" sizes=\"(max-width: 2560px) 100vw, 2560px\" \/><\/figure><div class=\"elementor-image-box-content\"><h1 class=\"elementor-image-box-title\">3GUN BESTHUNTERS 2026<br><\/h1><\/div><\/div>\t\t<\/div>\n\t\t\t\t<\/div>\n\t\t\t\t<div class=\"elementor-element elementor-element-6a3f648 elementor-widget elementor-widget-text-editor\" data-id=\"6a3f648\" data-element_type=\"widget\" data-widget_type=\"text-editor.default\">\n\t\t\t\t<div class=\"elementor-widget-container\">\n\t\t\t\t\t\t\t<p style=\"text-align: center;\"><span style=\"color: #000000;\"><b>Zapraszamy na dynamiczne zawody wielobroniowe 3GUN LIGA ZACHODNIA 2026&#8230; a w\u0142a\u015bciwie to&#8230; 3GUN BESTHUNTERS 2026, poniewa\u017c warszawski dystrybutor wielu znanych marek broniowych po raz trzeci zosta\u0142 sponsorem tytularnym. To ju\u017c 12 sezon LIGI ZACHODNIEJ.<\/b><\/span><\/p>\n<p style=\"text-align: center;\"><b>&nbsp;<\/b><\/p>\n<p style=\"text-align: center;\">Zawody mia\u0142y si\u0119 odby\u0107 w pierwotnym terminie 28 WRZE\u015aNIA 2025. Niestety z uwagi na problemy organizacyjne, o kt\u00f3rych wszyscy zarejestrowani zawodnicy zostali powiadomieni mailowo, byli\u015bmy zmuszeni do prze\u0142o\u017cenia 3 Rundy 3GUN BESTHUNTERS na 18-19 KWIETNIA 2026 roku. Niestety r\u00f3wnie\u017c w tym terminie zawody si\u0119 nie odb\u0119d\u0105 i zosta\u0142y prze\u0142o\u017cone na jesie\u0144 2026. Prawdopodobnie b\u0119dzie to 3-4 PA\u0179DZIERNIKA 2026. Pow\u00f3d prze\u0142o\u017cenia ju\u017c Wam podali\u015bmy wi\u0119c wiecie, \u017ce by\u0142 on nag\u0142y, uzasadniony i \u017ce nie mieli\u015bmy na to \u017cadnego wp\u0142ywu. Na szcz\u0119\u015bcie wygl\u0105da na to, \u017ce ju\u017c teraz wszystko jest OK tylko potrzebny jest przymusowy min. 3 miesi\u0119czny urlop \ud83d\ude09 W naszym przekonaniu uda nam si\u0119 spotka\u0107 jesieni\u0105 na super rundzie 3GUN BESTHUNTERS, kt\u00f3ra ma by\u0107 taka jak zawsze lub lepsza \ud83d\ude09 Mo\u017cecie by\u0107 pewni, \u017ce dzia\u0142amy na 100% albo wcale.&nbsp;Poza zmian\u0105 terminu, wszystkie inne og\u0142oszone pierwotnie warunki i zasady meczu pozostaj\u0105 bez zmian.<\/p>\n<p style=\"text-align: center;\"><b>&nbsp;<\/b><\/p>\n<p style=\"text-align: center;\">Organizator zawod\u00f3w: Stowarzyszenie 3GUN LIGA ZACHODNIA oraz GTS BRASS<\/p>\n<p style=\"text-align: center;\">S\u0119dzia G\u0142\u00f3wny: <strong>Robert WYZGA\u0141A<\/strong><\/p>\n<p style=\"text-align: center;\">Kierownik Zawod\u00f3w: <strong>Micha\u0142 HECK<\/strong><\/p>\n<p style=\"text-align: center;\">Kierownik Biura Oblicze\u0144: <strong>Antoni IGNA\u015a<\/strong><\/p>\n<p style=\"text-align: center;\">Miejsce zawod\u00f3w:&nbsp;<strong>Rac\u0142aw k\/Gorzowa<\/strong><\/p>\n<p style=\"text-align: center;\">Lokalizacja strzelnicy:&nbsp;<strong>52\u00b043\u201907.8\u2033N 15\u00b006\u201958.2\u2033E<\/strong><\/p><p style=\"text-align: center;\"><b><br clear=\"all\"><\/b>Termin Przedmeczu: <strong>3 PA\u0179DZIERNIKA 2026 roku \u2013 Sobota <\/strong><strong>\u2013 <\/strong><strong>godzina 10.00<\/strong><\/p>\n<p style=\"text-align: center;\">Odprawa w Przedmeczu: <strong>godzina 10.00<\/strong><br clear=\"all\">Zako\u0144czenie Przedmeczu: <strong>godzina 16.00<\/strong><\/p>\n<p style=\"text-align: center;\">Termin Meczu G\u0142\u00f3wnego:&nbsp;<strong>4&nbsp;<\/strong><strong>PA\u0179DZIERNIKA<\/strong><strong>&nbsp;2026<\/strong><strong>&nbsp;roku \u2013 Niedziela <\/strong><strong>\u2013 g<\/strong><strong>odzina 9.00<\/strong><\/p>\n<p style=\"text-align: center;\">Odprawa na torach w Meczu G\u0142\u00f3wnym:&nbsp;<strong>godzina 9.00<\/strong><br clear=\"all\">Zako\u0144czenie Meczu G\u0142\u00f3wnego:&nbsp;<strong>godzina 16.30<\/strong><\/p>\n<p style=\"text-align: center;\"><br clear=\"all\">Konkurencje:&nbsp;<span>5 tor\u00f3w wg regulaminu LIGI SPORTERA<\/span><br clear=\"all\">Klasy sprz\u0119towe:&nbsp;<span>4 klasy&nbsp;<\/span>wg regulaminu LIGI SPORTERA<br clear=\"all\">Poziom zawod\u00f3w:&nbsp;<span>LEVEL 3<\/span><\/p>\n<p style=\"text-align: center;\">Zawody wpisane do centralnego kalendarza PZSS<\/p>\n<p style=\"text-align: center;\">Minimalna ilo\u015b\u0107 strza\u0142\u00f3w przy za\u0142o\u017ceniu 100% skuteczno\u015bci: <strong>ok.&nbsp;220<\/strong><\/p>\n<p style=\"text-align: center;\"><b><br clear=\"all\"><\/b>Karabin:&nbsp;<strong>ok. 100<\/strong><br clear=\"all\">Strzelba:&nbsp;<strong>ok. 60&nbsp;\u015brut<\/strong><br clear=\"all\">Pistolet:&nbsp;<strong>ok.&nbsp;60<\/strong><\/p>\n<p style=\"text-align: center;\"><strong>&nbsp;<\/strong><\/p>\n<p style=\"text-align: center;\">\u015arednia ilo\u015b\u0107 strza\u0142\u00f3w na ka\u017cdym torze:&nbsp;<strong>ok.&nbsp;44<\/strong><strong><br><\/strong><\/p>\n<p style=\"text-align: center;\"><strong>&nbsp;<\/strong><\/p>\n<p style=\"text-align: center;\">Dystans maksymalny: do <strong>200m<\/strong><\/p>\n<p style=\"text-align: center;\"><strong>Tor 1 &#8211; 100m \/ Tor 2 &#8211; 50m \/ Tor 3 &#8211; 50m \/ Tor 4 &#8211; 120m \/ Tor 5 &#8211; 120m<\/strong><\/p>\n<p style=\"text-align: center;\"><span style=\"color: inherit; font-size: inherit;\">Szczeg\u00f3\u0142owe om\u00f3wienie przebiegu konkurencji: podczas odprawy w dniu zawod\u00f3w.<\/span><\/p>\n<p style=\"text-align: center;\"><span style=\"color: inherit; font-size: inherit;\">&nbsp;<\/span><\/p>\n<p style=\"text-align: center;\"><b>Wp\u0142ata na Mecz G\u0142\u00f3wny: <span>400 z\u0142<\/span><\/b><br clear=\"all\"><b>Wp\u0142ata na Przedmecz:&nbsp;<span>300 z\u0142<\/span><\/b><\/p>\n<p style=\"text-align: center;\"><b><span>&nbsp;<\/span><\/b><\/p>\n<p style=\"text-align: center;\">Sponsorzy zawod\u00f3w: <a href=\"https:\/\/www.facebook.com\/SklepBestHunters\/\" target=\"_blank\" rel=\"noopener\">Best Hunters<\/a><span>&nbsp;<\/span>oraz<br clear=\"all\"><a href=\"https:\/\/www.facebook.com\/HelikonTex\/\" target=\"_blank\" rel=\"noopener\">Helikon-Tex<\/a>,&nbsp;<a href=\"https:\/\/www.facebook.com\/kolbapl\/\" target=\"_blank\" rel=\"noopener\">Kolba<\/a>,&nbsp;<a href=\"https:\/\/www.facebook.com\/SpecShop\/\" target=\"_blank\" rel=\"noopener\">specshop.pl<\/a><span>,&nbsp;<\/span><a href=\"https:\/\/www.facebook.com\/3gunshop\/\" target=\"_blank\" rel=\"noopener\">3GUN<\/a>,&nbsp;<a href=\"https:\/\/www.facebook.com\/rebelianci\/\" target=\"_blank\" rel=\"noopener\">Rebelianci.pl<\/a><br clear=\"all\"><br clear=\"all\">Wszelkie pytania kierowa\u0107 do Kierownik Zawod\u00f3w:<\/p>\n<p style=\"text-align: center;\"><strong>Micha\u0142 HECK &#8211;&nbsp;heck@heck.pl<\/strong><br clear=\"all\"><br clear=\"all\"><b style=\"font-size: inherit;\">&nbsp;<\/b><\/p>\n<p style=\"text-align: center;\"><b>Zawodnik\u00f3w chc\u0105cych wzi\u0105\u0107 udzia\u0142 w zawodach prosimy o wype\u0142nienie formularza rejestracyjnego.<\/b><\/p>\n<p style=\"text-align: center;\"><b>&nbsp;<\/b><\/p>\n<p style=\"text-align: center;\"><b>Wp\u0142aty, jako darowizny, prosimy kierowa\u0107 na konto Stowarzyszenia 3GUN Liga Zachodnia:<\/b><\/p>\n<p style=\"text-align: center;\"><b>nr konta<span>&nbsp;<\/span><\/b><strong>mBank<\/strong><b>: \u201e81 1140 2004 0000 3302 7906 3975\u201d, dla \u201eStowarzyszenie 3GUN LZ\u201d z tytu\u0142em wp\u0142aty \u201eimi\u0119 i<span>&nbsp;<\/span><\/b><b>nazwisko 2025LZ3\u201d.<\/b><\/p>\n<p style=\"text-align: center;\"><br clear=\"all\">Ilo\u015b\u0107 miejsc w meczu g\u0142\u00f3wnym (60) i w przedmeczu jest ograniczona i niestety NIE B\u0118DZIE zwi\u0119kszona. Po wyczerpaniu wolnych miejsc lista startowa zostanie zamkni\u0119ta. <span>Wp\u0142ata nie podlega zwrotowi. Ca\u0142a wp\u0142ata jest celow\u0105 darowizn\u0105, zgodnie z art.&nbsp; 888 \u00a71 KC, czyli na zasadach dobrowolno\u015bci, przeznaczon\u0105 w ca\u0142o\u015bci na pokrycie koszt\u00f3w organizacji zawod\u00f3w 3GUN LZ przez Stowarzyszenie 3GUN LIGA ZACHODNIA. Wp\u0142aty tylko przelewem, nie przyjmujemy wp\u0142at got\u00f3wkowych. Dzi\u0119kujemy za Wasze wsparcie! O miejscu na li\u015bcie startowej decyduje kolejno\u015b\u0107 rejestracji.<\/span><\/p>\n<p style=\"text-align: center;\"><b>W przypadku niewystarczaj\u0105cej ilo\u015bci wniesionych wp\u0142at celowych (darowizn) nie pozwalaj\u0105cych na organizacj\u0119 celowych zawod\u00f3w, organizator zastrzega sobie prawo do ich odwo\u0142ania nie p\u00f3\u017aniej ni\u017c 7 dni przed Meczem G\u0142\u00f3wnym i zobowi\u0105zuje si\u0119 do zwrotu wszystkich wp\u0142at celowych bez zb\u0119dnej zw\u0142oki.<\/b><\/p>\n<p style=\"text-align: center;\"><b>&nbsp;<\/b><\/p>\n<p style=\"text-align: center;\"><span style=\"font-size: inherit;\">Zawodnicy <\/span><strong style=\"font-size: inherit;\">&#8222;First Five&#8221;<\/strong><span style=\"font-size: inherit;\">, kt\u00f3rzy znajduj\u0105 si\u0119 w pierwszych pi\u0105tkach Rankingu Generalnego 2024, maj\u0105 gwarantowane miejsca startowe w sezonie 2025.<\/span><\/p><p style=\"text-align: center;\"><br clear=\"all\"><span>Wype\u0142nienie przez zawodnika formularza rejestracyjnego jest jednocze\u015bnie potwierdzeniem zapoznania si\u0119 i akceptacji aktualnego regulaminu Ligi Sportera, kt\u00f3ry dost\u0119pny jest na www.3gun-lz.pl w dziale &#8222;Regulamin&#8221; oraz na stronie PZSS. Akceptacja regulaminu jest dobrowolna, lecz niezb\u0119dna do wzi\u0119cia udzia\u0142u w zawodach<\/span>.<\/p>\n<p style=\"text-align: center;\"><span>Warunki udzia\u0142u w zawodach:<\/span><br><span>&#8211; wpisanie si\u0119 na list\u0119 startow\u0105,<\/span><br><span>&#8211; posiadanie wa\u017cnej licencji zawodniczej PZSS.<\/span><\/p>\n<p style=\"text-align: center;\">Je\u017celi chcesz przekaza\u0107 inn\u0105 dowoln\u0105 darowizn\u0119 na rzecz stowarzyszenia 3GUN LIGA ZACHODNIA, nale\u017cy wykona\u0107 przelew na jego konto bankowe, wpisuj\u0105c w tytule &#8222;darowizna na cele statutowe&#8221; lub poda\u0107 cel szczeg\u00f3\u0142owy np. 3GUNLZ2025. Dzi\u0119kujemy za wszystkie darowizny i za ka\u017cde wsparcie.<\/p>\n<p style=\"text-align: center;\"><span style=\"font-size: inherit; font-family: Roboto, Helvetica, Arial, sans-serif;\">Zg\u0142oszenie udzia\u0142u jest r\u00f3wnocze\u015bnie wyra\u017ceniem zgody na publikacj\u0119 imienia, nazwiska oraz nazwy klubu na li\u015bcie startowej oraz li\u015bcie wynik\u00f3w w mediach internetowych, a tak\u017ce wyra\u017ceniem zgody na nieodp\u0142atne wykorzystanie wizerunku uczestnika zawod\u00f3w, utrwalonego w formie obrazu i video podczas zawod\u00f3w, w celach promocyjnych i informacyjnych, poprzez jego sporz\u0105dzanie, utrwalanie i rozpowszechnianie przez organizatora Stowarzyszenie \u201e3GUN Liga Zachodnia\u201d, w rozumieniu przepis\u00f3w Ustawy z dnia 4 lutego 1994 r. o prawie autorskim i prawach pokrewnych (Dz. U. z 2014 r. poz. 121 z p\u00f3\u017an. zm.).<\/span><\/p>\n<p style=\"text-align: center;\"><span style=\"font-size: inherit; font-family: Roboto, Helvetica, Arial, sans-serif;\">&nbsp;<\/span><\/p>\n<p style=\"text-align: center;\"><strong>ZAWODY ODB\u0118D\u0104 SI\u0118 NIEZALE\u017bNIE OD WARUNK\u00d3W POGODOWYCH<\/strong><\/p>\n<p style=\"text-align: center;\"><strong>&nbsp;<\/strong><\/p>\n<p style=\"text-align: center;\"><span>Organizator zapewnia zimne napoje, ciep\u0142e wy\u017cywienie oraz oczywi\u015bcie pyszne ciasta.<\/span><\/p>\t\t\t\t\t\t<\/div>\n\t\t\t\t<\/div>\n\t\t\t\t\t<\/div>\n\t\t<\/div>\n\t\t\t\t\t\t\t<\/div>\n\t\t<\/section>\n\t\t\t\t<section class=\"elementor-section elementor-top-section elementor-element elementor-element-5545ff3 elementor-section-boxed elementor-section-height-default elementor-section-height-default\" data-id=\"5545ff3\" data-element_type=\"section\">\n\t\t\t\t\t\t<div class=\"elementor-container elementor-column-gap-default\">\n\t\t\t\t\t<div class=\"elementor-column elementor-col-100 elementor-top-column elementor-element elementor-element-f51b3ce\" data-id=\"f51b3ce\" data-element_type=\"column\">\n\t\t\t<div class=\"elementor-widget-wrap\">\n\t\t\t\t\t\t\t\t\t<\/div>\n\t\t<\/div>\n\t\t\t\t\t\t\t<\/div>\n\t\t<\/section>\n\t\t\t\t\t\t\t<\/div>\n\t\t","protected":false},"excerpt":{"rendered":"<p>3GUN BESTHUNTERS 2026 Zapraszamy na dynamiczne zawody wielobroniowe 3GUN LIGA ZACHODNIA 2026&#8230; a w\u0142a\u015bciwie to&#8230; 3GUN BESTHUNTERS 2026, poniewa\u017c warszawski dystrybutor wielu znanych marek broniowych po raz trzeci zosta\u0142 sponsorem tytularnym. To ju\u017c 12 sezon LIGI ZACHODNIEJ. &nbsp; Zawody mia\u0142y si\u0119 odby\u0107 w pierwotnym terminie 28 WRZE\u015aNIA 2025. Niestety z [&hellip;]<\/p>\n","protected":false},"author":1,"featured_media":0,"parent":0,"menu_order":0,"comment_status":"closed","ping_status":"closed","template":"page-templates\/template-pagebuilder-full-width.php","meta":{"footnotes":""},"_links":{"self":[{"href":"https:\/\/3gun-lz.pl\/index.php\/wp-json\/wp\/v2\/pages\/172"}],"collection":[{"href":"https:\/\/3gun-lz.pl\/index.php\/wp-json\/wp\/v2\/pages"}],"about":[{"href":"https:\/\/3gun-lz.pl\/index.php\/wp-json\/wp\/v2\/types\/page"}],"author":[{"embeddable":true,"href":"https:\/\/3gun-lz.pl\/index.php\/wp-json\/wp\/v2\/users\/1"}],"replies":[{"embeddable":true,"href":"https:\/\/3gun-lz.pl\/index.php\/wp-json\/wp\/v2\/comments?post=172"}],"version-history":[{"count":334,"href":"https:\/\/3gun-lz.pl\/index.php\/wp-json\/wp\/v2\/pages\/172\/revisions"}],"predecessor-version":[{"id":1583,"href":"https:\/\/3gun-lz.pl\/index.php\/wp-json\/wp\/v2\/pages\/172\/revisions\/1583"}],"wp:attachment":[{"href":"https:\/\/3gun-lz.pl\/index.php\/wp-json\/wp\/v2\/media?parent=172"}],"curies":[{"name":"wp","href":"https:\/\/api.w.org\/{rel}","templated":true}]}}