{"id":472,"date":"2020-12-11T21:57:32","date_gmt":"2020-12-11T20:57:32","guid":{"rendered":"http:\/\/3gun-lz.pl\/?page_id=472"},"modified":"2026-01-15T08:43:44","modified_gmt":"2026-01-15T07:43:44","slug":"o-nas","status":"publish","type":"page","link":"https:\/\/3gun-lz.pl\/index.php\/o-nas\/","title":{"rendered":"O NAS"},"content":{"rendered":"\t\t<div data-elementor-type=\"wp-page\" data-elementor-id=\"472\" class=\"elementor elementor-472\" data-elementor-post-type=\"page\">\n\t\t\t\t\t\t\t\t\t<section class=\"elementor-section elementor-top-section elementor-element elementor-element-39fe8f6 elementor-section-boxed elementor-section-height-default elementor-section-height-default\" data-id=\"39fe8f6\" data-element_type=\"section\">\n\t\t\t\t\t\t<div class=\"elementor-container elementor-column-gap-default\">\n\t\t\t\t\t<div class=\"elementor-column elementor-col-100 elementor-top-column elementor-element elementor-element-47c6302\" data-id=\"47c6302\" data-element_type=\"column\">\n\t\t\t<div class=\"elementor-widget-wrap elementor-element-populated\">\n\t\t\t\t\t\t\t\t<div class=\"elementor-element elementor-element-06ff8fa elementor-widget elementor-widget-image\" data-id=\"06ff8fa\" data-element_type=\"widget\" data-widget_type=\"image.default\">\n\t\t\t\t<div class=\"elementor-widget-container\">\n\t\t\t\t\t\t\t\t\t\t\t\t\t\t\t<img loading=\"lazy\" decoding=\"async\" width=\"1536\" height=\"930\" src=\"https:\/\/3gun-lz.pl\/wp-content\/uploads\/2024\/11\/OR8A1947-1536x930.jpg\" class=\"attachment-1536x1536 size-1536x1536 wp-image-1452\" alt=\"\" srcset=\"https:\/\/3gun-lz.pl\/wp-content\/uploads\/2024\/11\/OR8A1947-1536x930.jpg 1536w, https:\/\/3gun-lz.pl\/wp-content\/uploads\/2024\/11\/OR8A1947-300x182.jpg 300w, https:\/\/3gun-lz.pl\/wp-content\/uploads\/2024\/11\/OR8A1947-1024x620.jpg 1024w, https:\/\/3gun-lz.pl\/wp-content\/uploads\/2024\/11\/OR8A1947-768x465.jpg 768w, https:\/\/3gun-lz.pl\/wp-content\/uploads\/2024\/11\/OR8A1947-2048x1240.jpg 2048w, https:\/\/3gun-lz.pl\/wp-content\/uploads\/2024\/11\/OR8A1947-16x10.jpg 16w\" sizes=\"(max-width: 1536px) 100vw, 1536px\" \/>\t\t\t\t\t\t\t\t\t\t\t\t\t\t\t<\/div>\n\t\t\t\t<\/div>\n\t\t\t\t<div class=\"elementor-element elementor-element-2a47d4a elementor-widget elementor-widget-text-editor\" data-id=\"2a47d4a\" data-element_type=\"widget\" data-widget_type=\"text-editor.default\">\n\t\t\t\t<div class=\"elementor-widget-container\">\n\t\t\t\t\t\t\t<p style=\"text-align: left;\"><strong>3GUN Liga Zachodnia to coroczny cykl sportowych zawod\u00f3w strzeleckich w wielobroniowej formule dynamicznej. Ka\u017cda runda zawod\u00f3w 3GUN LZ jest turniejem indywidualnym, zaliczanym do rankingu rocznego. Zawody rozgrywane s\u0105 w czterech klasach sprz\u0119towych wg regulaminu \u201eLigi Sportera\u201d. Dzia\u0142amy nieprzerwanie od 2014 roku, czyli od 11 sezon\u00f3w.<\/strong><\/p><p style=\"text-align: left;\"><span style=\"font-size: inherit;\">Jakie by\u0142y nasze pocz\u0105tki? Zaczynali\u015bmy w czasach, gdy nie by\u0142o wok\u00f3\u0142 nas zawod\u00f3w dynamicznych, poza s\u0142ynn\u0105 w\u00f3wczas Lig\u0105 Sportera w Podstolicach k\/Wrze\u015bni. By\u0142a za to grupa zapale\u0144c\u00f3w spotykaj\u0105ca si\u0119 na zawodach 3GUN LS lub na zawodach dynamicznych r\u00f3\u017cnych, bli\u017cej nieokre\u015blonych, formu\u0142 dynamicznych, kt\u00f3re bardzo sporadycznie i nieregularnie odbywa\u0142y si\u0119 na naszym terenie. Po\u0142\u0105czyli\u015bmy wi\u0119c si\u0142y jako zawodnicy Sekcji Dynamicznej 3GUN LOK Gorz\u00f3w, Szczeci\u0144skiego Towarzystwa Strzeleckiego, Sekcji Strzeleckiej LOK Mi\u0119dzyrzecz i zanim si\u0119 obejrzeli\u015bmy, mieli\u015bmy ju\u017c pierwszy sezon 3GUN LZ za sob\u0105. To by\u0142 rok 2014. W latach 2015-2016 zawody by\u0142y organizowane przez 3GUN LOK Gorz\u00f3w oraz STS Szczecin. Pocz\u0105tki by\u0142y ambitne, chocia\u017c z obecnej perspektywy mog\u0105 wydawa\u0107 si\u0119 skromne. Zawody 3GUN LZ rozgrywane by\u0142y w\u00f3wczas na strzelnicach w Klesnie k\/Drezdenka, Szczecinie, Stargardzie, Bia\u0142ogardzie, \u017babicach k\/Kostrzyna oraz w Wojcieszycach k\/Gorzowa. By\u0142y to zawody mniej lub bardziej pionierskie, kt\u00f3re wiele nas nauczy\u0142y, ale przede wszystkim pozwoli\u0142y nam wsp\u00f3lnie rozwin\u0105\u0107 nasz\u0105 strzeleck\u0105 pasj\u0119, a nawet przyja\u017anie. Wi\u0119kszo\u015b\u0107 strzelc\u00f3w, kt\u00f3rzy pami\u0119taj\u0105 3GUN LZ w latach 2014-2016, strzela z nami do dzisiaj. Powolny, ale sta\u0142y rozw\u00f3j tych zawod\u00f3w w tamtym okresie, anga\u017cuj\u0105cy z sezonu na sezon coraz wi\u0119ksze si\u0142y i \u015brodki, wymusi\u0142 na nas pewne zmiany organizacyjne pod koniec 2016 roku. Zbieg\u0142o si\u0119 to w czasie z problemami obiektowymi, poniewa\u017c w sezonie 2016 wszystkie rundy Ligi Zachodniej musia\u0142y si\u0119 odby\u0107 na go\u015bcinnych obiektach w \u017babicach, Stargardzie, Bia\u0142ogardzie, Wojcieszycach. Na prze\u0142omie lat 2016-2017 ca\u0142y ci\u0119\u017car organizacyjny wzi\u0119li na siebie zawodnicy z 3GUN LOK Gorz\u00f3w. Od czerwca 2017 roku wszystkie rund 3GUN LZ zacz\u0119\u0142y odbywa\u0107 si\u0119 w Rac\u0142awiu k\/Gorzowa na strzelnicy KSK Pretor, gdzie liga znalaz\u0142a swoj\u0105 sta\u0142\u0105 baz\u0119. Nieprzypadkowo wi\u0119c lata 2017-2022 to okres najwi\u0119kszego rozwoju naszych zawod\u00f3w. Niestety przebudowa obiektu KSK Pretor zmusi\u0142a nas do przeniesienia 3GUN LZ na s\u0105siedni\u0105 strzelnic\u0119 GTS\u00a0 B.R.A.S.S. w Rac\u0142awiu k. Gorzowa, gdzie obecnie dzia\u0142amy. Otworzy\u0142o to przed nami nowe mo\u017cliwo\u015bci wynikaj\u0105ce z potencja\u0142u tego imponuj\u0105cego obiektu.<\/span><\/p><p style=\"text-align: left;\">Od roku 2014 Liga Zachodnia bardzo si\u0119 zmieni\u0142a i rozwin\u0119\u0142a, ale nadal wspieraj\u0105 j\u0105 ci sami strzelcy, kt\u00f3rzy byli jej wsp\u00f3\u0142za\u0142o\u017cycielami. Rozw\u00f3j i potencja\u0142 3GUN LZ dostrzegli nasi liczni sponsorzy, kt\u00f3rzy wsp\u00f3\u0142pracuj\u0105 z nami od wielu ju\u017c lat. Niekt\u00f3rzy z nich s\u0105 z nami od samego pocz\u0105tku tego niepozornego kiedy\u015b projektu. Od sezonu 2023 Liga Zachodnia wspierana jest przez sponsora tytularnego, warszawsk\u0105 firm\u0119 Best Hunters, b\u0119d\u0105c\u0105 przedstawicielem wielu \u015bwiatowych marek. Oznacza to, \u017ce w sezonie 2023-2025 oficjalna nazwa zawod\u00f3w 3GUN LIGA ZACHODNIA zmieni si\u0119 na 3GUN BESTHUNTERS.<\/p><p style=\"text-align: left;\">W ostatnich kilku latach przyby\u0142o nam nowych strzelc\u00f3w. Bardzo podni\u00f3s\u0142 si\u0119 te\u017c poziom sportowy naszych &#8222;starych&#8221; zawodnik\u00f3w, s\u0105 w\u015br\u00f3d nich aktualni mistrzowie i vice mistrzowie Polski w 3GUN i IPSC. To oczywi\u015bcie ich zas\u0142uga i praca, ale lubimy pomy\u015ble\u0107, \u017ce mamy w tym sw\u00f3j ma\u0142y udzia\u0142 \ud83d\ude09<\/p>\t\t\t\t\t\t<\/div>\n\t\t\t\t<\/div>\n\t\t\t\t\t<\/div>\n\t\t<\/div>\n\t\t\t\t\t\t\t<\/div>\n\t\t<\/section>\n\t\t\t\t<section class=\"elementor-section elementor-top-section elementor-element elementor-element-4b2ca2e elementor-section-boxed elementor-section-height-default elementor-section-height-default\" data-id=\"4b2ca2e\" data-element_type=\"section\">\n\t\t\t\t\t\t<div class=\"elementor-container elementor-column-gap-default\">\n\t\t\t\t\t<div class=\"elementor-column elementor-col-100 elementor-top-column elementor-element elementor-element-94012d2\" data-id=\"94012d2\" data-element_type=\"column\">\n\t\t\t<div class=\"elementor-widget-wrap elementor-element-populated\">\n\t\t\t\t\t\t\t\t<div class=\"elementor-element elementor-element-2f450d2 elementor-widget__width-inherit elementor-invisible elementor-widget elementor-widget-facebook-page\" data-id=\"2f450d2\" data-element_type=\"widget\" data-settings=\"{&quot;_animation&quot;:&quot;zoomIn&quot;}\" data-widget_type=\"facebook-page.default\">\n\t\t\t\t<div class=\"elementor-widget-container\">\n\t\t\t<div class=\"elementor-facebook-widget fb-page\" data-href=\"https:\/\/www.facebook.com\/3GUNLIGAZACHODNIA\" data-tabs=\"\" data-height=\"171px\" data-width=\"500px\" data-small-header=\"false\" data-hide-cover=\"false\" data-show-facepile=\"true\" data-hide-cta=\"false\" style=\"min-height: 1px;height:171px\"><\/div>\t\t<\/div>\n\t\t\t\t<\/div>\n\t\t\t\t\t<\/div>\n\t\t<\/div>\n\t\t\t\t\t\t\t<\/div>\n\t\t<\/section>\n\t\t\t\t\t\t\t<\/div>\n\t\t","protected":false},"excerpt":{"rendered":"<p>3GUN Liga Zachodnia to coroczny cykl sportowych zawod\u00f3w strzeleckich w wielobroniowej formule dynamicznej. Ka\u017cda runda zawod\u00f3w 3GUN LZ jest turniejem indywidualnym, zaliczanym do rankingu rocznego. Zawody rozgrywane s\u0105 w czterech klasach sprz\u0119towych wg regulaminu \u201eLigi Sportera\u201d. Dzia\u0142amy nieprzerwanie od 2014 roku, czyli od 11 sezon\u00f3w. Jakie by\u0142y nasze pocz\u0105tki? Zaczynali\u015bmy [&hellip;]<\/p>\n","protected":false},"author":1,"featured_media":0,"parent":0,"menu_order":0,"comment_status":"closed","ping_status":"closed","template":"","meta":{"footnotes":""},"_links":{"self":[{"href":"https:\/\/3gun-lz.pl\/index.php\/wp-json\/wp\/v2\/pages\/472"}],"collection":[{"href":"https:\/\/3gun-lz.pl\/index.php\/wp-json\/wp\/v2\/pages"}],"about":[{"href":"https:\/\/3gun-lz.pl\/index.php\/wp-json\/wp\/v2\/types\/page"}],"author":[{"embeddable":true,"href":"https:\/\/3gun-lz.pl\/index.php\/wp-json\/wp\/v2\/users\/1"}],"replies":[{"embeddable":true,"href":"https:\/\/3gun-lz.pl\/index.php\/wp-json\/wp\/v2\/comments?post=472"}],"version-history":[{"count":60,"href":"https:\/\/3gun-lz.pl\/index.php\/wp-json\/wp\/v2\/pages\/472\/revisions"}],"predecessor-version":[{"id":1571,"href":"https:\/\/3gun-lz.pl\/index.php\/wp-json\/wp\/v2\/pages\/472\/revisions\/1571"}],"wp:attachment":[{"href":"https:\/\/3gun-lz.pl\/index.php\/wp-json\/wp\/v2\/media?parent=472"}],"curies":[{"name":"wp","href":"https:\/\/api.w.org\/{rel}","templated":true}]}}